{"id":4,"date":"2016-10-23T22:37:28","date_gmt":"2016-10-23T20:37:28","guid":{"rendered":"http:\/\/eslanz.com\/?page_id=4"},"modified":"2020-06-06T16:08:09","modified_gmt":"2020-06-06T14:08:09","slug":"villa-estefania","status":"publish","type":"page","link":"https:\/\/eslanz.com\/es\/villa-estefania\/","title":{"rendered":"Villa Estefania"},"content":{"rendered":"<p><strong>Casa preciosa en un lugar excepcional cerca del pueblo viejo y playas, con alto standard, recomendable tanto a peque\u00f1as como grandes familias y parejas.<\/strong><\/p>\n<p>&#8211;<\/p>\n<p><!--more--><\/p>\n<p><strong>Localidad:<\/strong>:<br \/>\nPlaya Blanca con buena vista hasta Fuertevetura<\/p>\n<p><strong>Villa:<\/strong>:<br \/>\nMaravilloso bungalow con 1.200m\u00b2 terreno, 200 m\u00b2 superficie + terrazas<\/p>\n<p><strong>Dentro:<\/strong>:<br \/>\nCasa con 3 partes, bueno para 2 y tambien para max. 8 personas. Salon, TV-salon, cocina con todas aparatos, 3 banos, SAT-TV y WIFI<\/p>\n<p><strong>Al fuera:<\/strong>:<br \/>\nGrande piscine (8x4m) con calefaccion solar y electric, muy bonitos y privadas terrazas<\/p>\n<p><strong>Distancias:<\/strong>:<br \/>\nPlayas, Restaurantes, Tiendas y Centro ca 300-400m; campo de golf 15 km; aeropuerto 20 km; Arrecife 25 km.<\/p>\n<p><a href=\"http:\/\/eslanz.com\/?page_id=91\">Mas informacion &#8230;<\/a><\/p>","protected":false},"excerpt":{"rendered":"<p>Disculpa, pero esta entrada est\u00e1 disponible s\u00f3lo en Alem\u00e1n.<\/p>\n","protected":false},"author":1,"featured_media":123,"parent":0,"menu_order":0,"comment_status":"closed","ping_status":"closed","template":"","meta":[],"_links":{"self":[{"href":"https:\/\/eslanz.com\/es\/wp-json\/wp\/v2\/pages\/4"}],"collection":[{"href":"https:\/\/eslanz.com\/es\/wp-json\/wp\/v2\/pages"}],"about":[{"href":"https:\/\/eslanz.com\/es\/wp-json\/wp\/v2\/types\/page"}],"author":[{"embeddable":true,"href":"https:\/\/eslanz.com\/es\/wp-json\/wp\/v2\/users\/1"}],"replies":[{"embeddable":true,"href":"https:\/\/eslanz.com\/es\/wp-json\/wp\/v2\/comments?post=4"}],"version-history":[{"count":15,"href":"https:\/\/eslanz.com\/es\/wp-json\/wp\/v2\/pages\/4\/revisions"}],"predecessor-version":[{"id":527,"href":"https:\/\/eslanz.com\/es\/wp-json\/wp\/v2\/pages\/4\/revisions\/527"}],"wp:featuredmedia":[{"embeddable":true,"href":"https:\/\/eslanz.com\/es\/wp-json\/wp\/v2\/media\/123"}],"wp:attachment":[{"href":"https:\/\/eslanz.com\/es\/wp-json\/wp\/v2\/media?parent=4"}],"curies":[{"name":"wp","href":"https:\/\/api.w.org\/{rel}","templated":true}]}}