{"id":47,"date":"2016-10-25T11:43:50","date_gmt":"2016-10-25T09:43:50","guid":{"rendered":"http:\/\/eslanz.com\/?page_id=47"},"modified":"2020-06-06T16:29:06","modified_gmt":"2020-06-06T14:29:06","slug":"kontakt-impressum","status":"publish","type":"page","link":"https:\/\/eslanz.com\/es\/kontakt-impressum\/","title":{"rendered":"Protecci\u00f3n de datos \/ Aviso Legal"},"content":{"rendered":"<p><\/p>\n<h3>Contacto<\/h3>\n<p>per Mail: <a href=\"mailto:info@eslanz.com\">info@eslanz.com<\/a><\/p>\n<p>En el caso de una reservaci\u00f3n, usted recibir\u00e1 consejos amplios en la base de una experiencia de la isla de 30 a\u00f1os del propietario: \u00bfD\u00f3nde puede usted alquilar los coches con un precio favorable? \u00bfQu\u00e9 restaurantes son recomendables? \u00bfQu\u00e9 playas son adecuados para ni\u00f1os o surfistas? \u00bfQu\u00e9 caminos de la bicicleta o excursionista son las m\u00e1s hermosas? \u00bfD\u00f3nde est\u00e1n los doctores espa\u00f1oles? etc.<\/p>\n<p>&nbsp;<\/p>\n<p>&nbsp;<\/p>\n<h3>Aviso Legal<\/h3>\n<p>ESPECIALANZ S.L.<br \/>\nCl\/Cocedero 14<br \/>\nE-35570 Yaiza-La Hoya<br \/>\n(n\u00famero de identificaci\u00f3n fiscal: B35399336)<br \/>\nAdministrador: Dr. Andreas Dodt<\/p>\n<p>Tel.: +49 6221 673 9792<\/p>\n<p>&nbsp;<\/p>","protected":false},"excerpt":{"rendered":"<p>Contacto per Mail: info@eslanz.com En el caso de una reservaci\u00f3n, usted recibir\u00e1 consejos amplios en la base de una experiencia de la isla de 30 a\u00f1os del propietario: \u00bfD\u00f3nde puede usted alquilar los coches con un precio favorable? \u00bfQu\u00e9 restaurantes son recomendables? \u00bfQu\u00e9 playas son adecuados para ni\u00f1os o surfistas? \u00bfQu\u00e9 caminos de la bicicleta [&hellip;]<\/p>\n","protected":false},"author":1,"featured_media":319,"parent":0,"menu_order":0,"comment_status":"closed","ping_status":"closed","template":"","meta":[],"_links":{"self":[{"href":"https:\/\/eslanz.com\/es\/wp-json\/wp\/v2\/pages\/47"}],"collection":[{"href":"https:\/\/eslanz.com\/es\/wp-json\/wp\/v2\/pages"}],"about":[{"href":"https:\/\/eslanz.com\/es\/wp-json\/wp\/v2\/types\/page"}],"author":[{"embeddable":true,"href":"https:\/\/eslanz.com\/es\/wp-json\/wp\/v2\/users\/1"}],"replies":[{"embeddable":true,"href":"https:\/\/eslanz.com\/es\/wp-json\/wp\/v2\/comments?post=47"}],"version-history":[{"count":24,"href":"https:\/\/eslanz.com\/es\/wp-json\/wp\/v2\/pages\/47\/revisions"}],"predecessor-version":[{"id":530,"href":"https:\/\/eslanz.com\/es\/wp-json\/wp\/v2\/pages\/47\/revisions\/530"}],"wp:featuredmedia":[{"embeddable":true,"href":"https:\/\/eslanz.com\/es\/wp-json\/wp\/v2\/media\/319"}],"wp:attachment":[{"href":"https:\/\/eslanz.com\/es\/wp-json\/wp\/v2\/media?parent=47"}],"curies":[{"name":"wp","href":"https:\/\/api.w.org\/{rel}","templated":true}]}}