{"id":57,"date":"2016-10-25T14:57:29","date_gmt":"2016-10-25T12:57:29","guid":{"rendered":"http:\/\/eslanz.com\/?page_id=57"},"modified":"2016-11-10T15:19:08","modified_gmt":"2016-11-10T14:19:08","slug":"playa-blanca","status":"publish","type":"page","link":"https:\/\/eslanz.com\/es\/villa-estefania\/playa-blanca\/","title":{"rendered":"Pueblo"},"content":{"rendered":"<p><strong>Playa Blanca<\/strong><\/p>\n<p>Lo que una vez fue un rom\u00e1ntico pueblecito pesquero, cerca de las Playas del Papagayo, se desarroll\u00f3 durante los a\u00f1os 80 hasta alcanzar una infraestructura tur\u00edstica agradable que, sin embargo, no le hizo perder su car\u00e1cter oriundo.<\/p>\n<p>Hace poco se inaugur\u00f3 una preciosa playa de 8 km de longitud acompa\u00f1ada de su paseo mar\u00edtimo. Entre tanto, ya es posible pasear bordeando el mar cristalino y, sin mojarse, de un extremo al otro de la poblaci\u00f3n. El centro del pueblo ha sido restaurado manteniendo sus rasgos originalers. Actualmente hay una buena diversidad en restaurantes, algunos bares y varias tiendas. Casi todos los bares y restaurantes se encuentran bordeando el paseo mar\u00edtimo, desde cuyas terrazas se puede llegar a ver hasta Fuerteventrua. Tambi\u00e9n hay restaurantes y tiendas en el peque\u00f1o puerto.<\/p>\n<p>(parte sur de la isla, a orillas del mar, playas para ba\u00f1istas)<\/p>\n<p>Alrededor del centro de la poblaci\u00f3n se han constru\u00eddo algunas urbanizaciones o casas unifamiliares de muy buen gusto, rodeadas de muchas zonas verdes. En toda la poblaci\u00f3n se vive tranquilo, sin ninguna clase de molestias a causa del tr\u00e1fico de paso, pues en Playa Blanca dicen que \u201cse acaba el mundo\u201d; m\u00e1s all\u00e1 solamente se llega a las Playas del Papagayo.<\/p>\n<p>Desde el pintoresco puerto salen a diario varios barcos transbordadores (aprox. cada 15 \u00f3 30 minutos) hacia Fuerteventura.<\/p>\n<p>Es un sitio para todo aquel, que est\u00e9 a gusto cerca del mar y que aprecie poder salir por las tardes a pie . Dicen, que Playa Blanca es el pueblo costero y con infraestructura tur\u00edstica m\u00e1s bonito y cuidado de Lanzarote.<\/p>","protected":false},"excerpt":{"rendered":"<p>Playa Blanca Lo que una vez fue un rom\u00e1ntico pueblecito pesquero, cerca de las Playas del Papagayo, se desarroll\u00f3 durante los a\u00f1os 80 hasta alcanzar una infraestructura tur\u00edstica agradable que, sin embargo, no le hizo perder su car\u00e1cter oriundo. Hace poco se inaugur\u00f3 una preciosa playa de 8 km de longitud acompa\u00f1ada de su paseo [&hellip;]<\/p>\n","protected":false},"author":1,"featured_media":216,"parent":4,"menu_order":0,"comment_status":"closed","ping_status":"closed","template":"","meta":[],"_links":{"self":[{"href":"https:\/\/eslanz.com\/es\/wp-json\/wp\/v2\/pages\/57"}],"collection":[{"href":"https:\/\/eslanz.com\/es\/wp-json\/wp\/v2\/pages"}],"about":[{"href":"https:\/\/eslanz.com\/es\/wp-json\/wp\/v2\/types\/page"}],"author":[{"embeddable":true,"href":"https:\/\/eslanz.com\/es\/wp-json\/wp\/v2\/users\/1"}],"replies":[{"embeddable":true,"href":"https:\/\/eslanz.com\/es\/wp-json\/wp\/v2\/comments?post=57"}],"version-history":[{"count":5,"href":"https:\/\/eslanz.com\/es\/wp-json\/wp\/v2\/pages\/57\/revisions"}],"predecessor-version":[{"id":273,"href":"https:\/\/eslanz.com\/es\/wp-json\/wp\/v2\/pages\/57\/revisions\/273"}],"up":[{"embeddable":true,"href":"https:\/\/eslanz.com\/es\/wp-json\/wp\/v2\/pages\/4"}],"wp:featuredmedia":[{"embeddable":true,"href":"https:\/\/eslanz.com\/es\/wp-json\/wp\/v2\/media\/216"}],"wp:attachment":[{"href":"https:\/\/eslanz.com\/es\/wp-json\/wp\/v2\/media?parent=57"}],"curies":[{"name":"wp","href":"https:\/\/api.w.org\/{rel}","templated":true}]}}