{"id":6,"date":"2016-10-23T22:37:53","date_gmt":"2016-10-23T20:37:53","guid":{"rendered":"http:\/\/eslanz.com\/?page_id=6"},"modified":"2017-01-09T16:45:40","modified_gmt":"2017-01-09T15:45:40","slug":"casa-andres","status":"publish","type":"page","link":"https:\/\/eslanz.com\/es\/casa-andres-es\/","title":{"rendered":"Casa Andr\u00e9s"},"content":{"rendered":"<p><strong>Casa preciosa en un lugar excepcional y tranquilo, recomendable tanto a familias y parejas en luna de miel<\/strong><\/p>\n<p>&#8211;<\/p>\n<p><!--more--><\/p>\n<p><strong>Localidad:<\/strong><br \/>\nUn pueblo muy pequeno entre Yaiza y Playa Blanca<\/p>\n<p><strong>Casa:<\/strong><br \/>\nUna Finca maravillosa con 5.000m\u00b2 terreno, 150 m\u00b2 superficie + 60 m\u00b2 terraza<\/p>\n<p><strong>Dentro:<\/strong><br \/>\n3 dormitorios para 6 personas, salon, cocina con todas aparatos, 2 banos, SAT-TV y WIFI<\/p>\n<p><strong>Al fuera:<\/strong><br \/>\nGrande piscine (8x4m) con calefaccion solar y electric, muy bonitos y privadas terrazas<\/p>\n<p><strong>Distancias:<\/strong><br \/>\nPlaya (negra) 1000 m; Playa Blanca, Yaiza y El Golfo 4 km; proximo pueblo 2 km; restaurant 5 minutos caminando; campo de golf 10 km; aeropuerto 15 km; Arrecife 20 km.<\/p>\n<p><a href=\"http:\/\/eslanz.com\/?page_id=89\">Mas informacion &#8230;<\/a><\/p>","protected":false},"excerpt":{"rendered":"<p>Disculpa, pero esta entrada est\u00e1 disponible s\u00f3lo en Alem\u00e1n.<\/p>\n","protected":false},"author":1,"featured_media":122,"parent":0,"menu_order":0,"comment_status":"closed","ping_status":"closed","template":"","meta":[],"_links":{"self":[{"href":"https:\/\/eslanz.com\/es\/wp-json\/wp\/v2\/pages\/6"}],"collection":[{"href":"https:\/\/eslanz.com\/es\/wp-json\/wp\/v2\/pages"}],"about":[{"href":"https:\/\/eslanz.com\/es\/wp-json\/wp\/v2\/types\/page"}],"author":[{"embeddable":true,"href":"https:\/\/eslanz.com\/es\/wp-json\/wp\/v2\/users\/1"}],"replies":[{"embeddable":true,"href":"https:\/\/eslanz.com\/es\/wp-json\/wp\/v2\/comments?post=6"}],"version-history":[{"count":27,"href":"https:\/\/eslanz.com\/es\/wp-json\/wp\/v2\/pages\/6\/revisions"}],"predecessor-version":[{"id":314,"href":"https:\/\/eslanz.com\/es\/wp-json\/wp\/v2\/pages\/6\/revisions\/314"}],"wp:featuredmedia":[{"embeddable":true,"href":"https:\/\/eslanz.com\/es\/wp-json\/wp\/v2\/media\/122"}],"wp:attachment":[{"href":"https:\/\/eslanz.com\/es\/wp-json\/wp\/v2\/media?parent=6"}],"curies":[{"name":"wp","href":"https:\/\/api.w.org\/{rel}","templated":true}]}}