{"id":89,"date":"2016-10-29T21:46:53","date_gmt":"2016-10-29T19:46:53","guid":{"rendered":"http:\/\/eslanz.com\/?page_id=89"},"modified":"2017-09-29T16:27:11","modified_gmt":"2017-09-29T14:27:11","slug":"beschreibung","status":"publish","type":"page","link":"https:\/\/eslanz.com\/es\/casa-andres-es\/beschreibung\/","title":{"rendered":"Descripti\u00f3n"},"content":{"rendered":"<p><strong>Localidad<\/strong><br \/>\nSalinas de Janubio (entre Playa Blanca y Yaiza)<br \/>\n<strong>Descripci\u00f3n\/situaci\u00f3n\u00a0<\/strong><br \/>\nFinca maravillosa en la localizaci\u00f3n del suroeste; vista a las salinas y al mar<br \/>\nSuperficie (vivienda)<br \/>\nAprox. 150m\u00b2 + 60m\u00b2 terraza<br \/>\n<strong>Terreno<\/strong><br \/>\nAprox. 5.000 m\u00b2; (en parte plantado, en parte natural)<br \/>\n<strong>No m\u00e1x. de personas\u00a0\u00a0<\/strong><br \/>\n4 adultos + 2 ni\u00f1os<br \/>\n<strong>No de dormitorios\u00a0\u00a0<\/strong><br \/>\n3 dormitorios (1 cama matrimonio 2 x 1,60; 2 camas individuales con 2m; 2 camas literas, cada con 90 x 1,90)<br \/>\n<strong>Habitaciones\/Equipamiento\u00a0<\/strong><br \/>\nComedor sal\u00f3n; grand cocina seperada y muy bonita ; 2 cuartos de ba\u00f1o (con ducha\/ aseo); secador de pelo; gran terraza al sur, asi como terraza al oeste peque\u00f1a; muy acogedor amueblado y equipado; cuarto de estar con TV-sat+Video, cd, radio, casette; moderna cocina completamente equipada con lavadora, microondas, horno el\u00e9ctrico y otros electrodom\u00e9sticos, lavadora; WIFI.<br \/>\n<strong>Piscina<\/strong><br \/>\n4m x 8m con sistema de contracorriente fuerte; calefacci\u00f3n solar; adicionalmente calefacci\u00f3n el\u00e9ctrica posible por temperatura 28 &#8211; 30 grados (recargo 70 \u20ac por semana); terrazza grande y maravillosa.<br \/>\n<strong>Distancias<\/strong><br \/>\nMar aprox. 800 m (playa negra); Playa Blanca (con sus playas blancas) aprox. 5 minutos en coche; tiendas y restaurantes en Las Bre\u00f1as (aprox. 2 km), Playa Blanca, Yaiza (aprox. 4 km), El Golfo (aprox. 4 km).<\/p>\n<p><strong>Clasificaci\u00f3n<\/strong><br \/>\nCasa preciosa en un lugar excepcional y tranquilo, recomendable tanto a familias<\/p>","protected":false},"excerpt":{"rendered":"<p>Localidad Salinas de Janubio (entre Playa Blanca y Yaiza) Descripci\u00f3n\/situaci\u00f3n\u00a0 Finca maravillosa en la localizaci\u00f3n del suroeste; vista a las salinas y al mar Superficie (vivienda) Aprox. 150m\u00b2 + 60m\u00b2 terraza Terreno Aprox. 5.000 m\u00b2; (en parte plantado, en parte natural) No m\u00e1x. de personas\u00a0\u00a0 4 adultos + 2 ni\u00f1os No de dormitorios\u00a0\u00a0 3 dormitorios [&hellip;]<\/p>\n","protected":false},"author":1,"featured_media":281,"parent":6,"menu_order":0,"comment_status":"closed","ping_status":"closed","template":"","meta":[],"_links":{"self":[{"href":"https:\/\/eslanz.com\/es\/wp-json\/wp\/v2\/pages\/89"}],"collection":[{"href":"https:\/\/eslanz.com\/es\/wp-json\/wp\/v2\/pages"}],"about":[{"href":"https:\/\/eslanz.com\/es\/wp-json\/wp\/v2\/types\/page"}],"author":[{"embeddable":true,"href":"https:\/\/eslanz.com\/es\/wp-json\/wp\/v2\/users\/1"}],"replies":[{"embeddable":true,"href":"https:\/\/eslanz.com\/es\/wp-json\/wp\/v2\/comments?post=89"}],"version-history":[{"count":9,"href":"https:\/\/eslanz.com\/es\/wp-json\/wp\/v2\/pages\/89\/revisions"}],"predecessor-version":[{"id":443,"href":"https:\/\/eslanz.com\/es\/wp-json\/wp\/v2\/pages\/89\/revisions\/443"}],"up":[{"embeddable":true,"href":"https:\/\/eslanz.com\/es\/wp-json\/wp\/v2\/pages\/6"}],"wp:featuredmedia":[{"embeddable":true,"href":"https:\/\/eslanz.com\/es\/wp-json\/wp\/v2\/media\/281"}],"wp:attachment":[{"href":"https:\/\/eslanz.com\/es\/wp-json\/wp\/v2\/media?parent=89"}],"curies":[{"name":"wp","href":"https:\/\/api.w.org\/{rel}","templated":true}]}}