{"id":91,"date":"2016-10-29T21:47:18","date_gmt":"2016-10-29T19:47:18","guid":{"rendered":"http:\/\/eslanz.com\/?page_id=91"},"modified":"2017-09-29T16:26:18","modified_gmt":"2017-09-29T14:26:18","slug":"beschreibung","status":"publish","type":"page","link":"https:\/\/eslanz.com\/es\/villa-estefania\/beschreibung-2\/","title":{"rendered":"Descripci\u00f3n"},"content":{"rendered":"<p><strong>Localidad<\/strong><br \/>\nPlaya Blanca<\/p>\n<p><strong>Descripci\u00f3n\/situaci\u00f3n<\/strong><br \/>\nmaravilloso bungalow: grande, independiente, en un lugar tranquilo, zona residencial<br \/>\n<strong>Superficie ( vivienda )<\/strong><br \/>\naprox. 200 m\u00b2<br \/>\n<strong>Terreno<\/strong><br \/>\naprox. 1.200 m\u00b2 &#8211; jard\u00edn enorme con maravillosas plantas y un terreno muy cuidado<br \/>\n<strong>No m\u00e1x. de personas<\/strong><br \/>\n6 adultos + 2 ni\u00f1os; gracias al reparto ideal de habitaciones de esta casa para 8 personas, tambi\u00e9n resulta perfectamente habitable para 2, 3 \u00f3 4 personas.<br \/>\n<strong>No de dormitorios<\/strong><br \/>\n4 (1 con cama matrimonio 2 x 2 m; 1 con 2 camas individuales 2 m; 1 con cama matrimonio 1,60 x 1,90 m; 1 con literas )<br \/>\n<strong>Habitaciones\/Equipamiento<\/strong><br \/>\ncomedor sal\u00f3n, moderna cocina completamente equipada con lavadora, lavavajillas, microondas, horno el\u00e9ctrico y otros electrodom\u00e9sticos, sala de tv\/lectura con tv-SAT+DVD, radio, cd y casette, en total 3 cuartos de ba\u00f1o completos (2 de ellos en los dormitorios, con entrada independiente), lavadora, WiFi<br \/>\n<strong>Piscina<\/strong><br \/>\n4m x 8m con sistema de contracorriente fuerte; calefacci\u00f3n solar; adicionalmente calefacci\u00f3n el\u00e9ctrica posible por temperatura 28 &#8211; 30 grados (recargo 70 \u20ac por semana); terrazza grande y maravillosa.<br \/>\n<strong>Distancias<\/strong><br \/>\nmar, tiendas aprox. 400 m, restaurantes 300 m, playa aprox. 5-10 min. a pie<\/p>\n<p><strong>Clasificaci\u00f3n<\/strong><br \/>\ncasa preciosa en un lugar excepcional, alto standard, recomendable tanto a peque\u00f1as como grandes familias<\/p>","protected":false},"excerpt":{"rendered":"<p>Localidad Playa Blanca Descripci\u00f3n\/situaci\u00f3n maravilloso bungalow: grande, independiente, en un lugar tranquilo, zona residencial Superficie ( vivienda ) aprox. 200 m\u00b2 Terreno aprox. 1.200 m\u00b2 &#8211; jard\u00edn enorme con maravillosas plantas y un terreno muy cuidado No m\u00e1x. de personas 6 adultos + 2 ni\u00f1os; gracias al reparto ideal de habitaciones de esta casa para [&hellip;]<\/p>\n","protected":false},"author":1,"featured_media":177,"parent":4,"menu_order":0,"comment_status":"closed","ping_status":"closed","template":"","meta":[],"_links":{"self":[{"href":"https:\/\/eslanz.com\/es\/wp-json\/wp\/v2\/pages\/91"}],"collection":[{"href":"https:\/\/eslanz.com\/es\/wp-json\/wp\/v2\/pages"}],"about":[{"href":"https:\/\/eslanz.com\/es\/wp-json\/wp\/v2\/types\/page"}],"author":[{"embeddable":true,"href":"https:\/\/eslanz.com\/es\/wp-json\/wp\/v2\/users\/1"}],"replies":[{"embeddable":true,"href":"https:\/\/eslanz.com\/es\/wp-json\/wp\/v2\/comments?post=91"}],"version-history":[{"count":9,"href":"https:\/\/eslanz.com\/es\/wp-json\/wp\/v2\/pages\/91\/revisions"}],"predecessor-version":[{"id":442,"href":"https:\/\/eslanz.com\/es\/wp-json\/wp\/v2\/pages\/91\/revisions\/442"}],"up":[{"embeddable":true,"href":"https:\/\/eslanz.com\/es\/wp-json\/wp\/v2\/pages\/4"}],"wp:featuredmedia":[{"embeddable":true,"href":"https:\/\/eslanz.com\/es\/wp-json\/wp\/v2\/media\/177"}],"wp:attachment":[{"href":"https:\/\/eslanz.com\/es\/wp-json\/wp\/v2\/media?parent=91"}],"curies":[{"name":"wp","href":"https:\/\/api.w.org\/{rel}","templated":true}]}}