{"id":95,"date":"2016-10-29T21:48:23","date_gmt":"2016-10-29T19:48:23","guid":{"rendered":"http:\/\/eslanz.com\/?page_id=95"},"modified":"2016-11-07T20:33:04","modified_gmt":"2016-11-07T19:33:04","slug":"yaiza","status":"publish","type":"page","link":"https:\/\/eslanz.com\/es\/casa-andres-es\/yaiza\/","title":{"rendered":"Ort"},"content":{"rendered":"<p>Yaiza se destac\u00f3 varias veces como \u201cel pueblo m\u00e1s hermoso de las islas Canarias.\u00bb<\/p>\n<p>Con su limpieza, cari\u00f1oso mantenimiento, palmeras y flores en los calles, los caminos y las avenidas, Yaiza irradia un ambiente muy tranquilo y s\u00f3lido. Muy cerca, esta el restaurante \u00abLa Era\u00bb, que es planeado por Cesar Manrique, as\u00ed como la plaza grande del pueblo.<\/p>\n<p>Paseos bonitos ofrecen vistas fant\u00e1sticas sobre \u201clas monta\u00f1as de fuego\u201d; de Yaiza se necesita solamente 4 kil\u00f3metros a la territoria de Timanfaya.<\/p>\n<p>Vivir en Yaiza y sus alrededores significa algo especial. Por eso las casas (respectivo caras) son muy ansiadas, no s\u00f3lo para los nativos, sino tamb\u00eden para algunos extranjeros.<\/p>\n<p>Dos bares bonitos y dos restaurantes completan la atmosf\u00e9ra acogedora de este pueblo con gusto.<\/p>\n<p>Cerca de Yaiza al mar (en La Hoya) est\u00e1 situado una de las atracciones m\u00e1s grandes de la isla: las salinas hermos\u00edsimas de Janubio.<\/p>\n<p>La puesta del sol, particularmente fascinado en la playa negra, esta recomendado en todas las guias turisticas como specialmente digno de verse.<\/p>\n<p>Este maravilloso espectaculo tienen nuestras turistas cada tarde como suplemento gratuido de la terrazza de nuestra finca \u201cCASA ANDRES\u201d.<\/p>","protected":false},"excerpt":{"rendered":"<p>Yaiza se destac\u00f3 varias veces como \u201cel pueblo m\u00e1s hermoso de las islas Canarias.\u00bb Con su limpieza, cari\u00f1oso mantenimiento, palmeras y flores en los calles, los caminos y las avenidas, Yaiza irradia un ambiente muy tranquilo y s\u00f3lido. Muy cerca, esta el restaurante \u00abLa Era\u00bb, que es planeado por Cesar Manrique, as\u00ed como la plaza [&hellip;]<\/p>\n","protected":false},"author":1,"featured_media":130,"parent":6,"menu_order":0,"comment_status":"closed","ping_status":"closed","template":"","meta":[],"_links":{"self":[{"href":"https:\/\/eslanz.com\/es\/wp-json\/wp\/v2\/pages\/95"}],"collection":[{"href":"https:\/\/eslanz.com\/es\/wp-json\/wp\/v2\/pages"}],"about":[{"href":"https:\/\/eslanz.com\/es\/wp-json\/wp\/v2\/types\/page"}],"author":[{"embeddable":true,"href":"https:\/\/eslanz.com\/es\/wp-json\/wp\/v2\/users\/1"}],"replies":[{"embeddable":true,"href":"https:\/\/eslanz.com\/es\/wp-json\/wp\/v2\/comments?post=95"}],"version-history":[{"count":5,"href":"https:\/\/eslanz.com\/es\/wp-json\/wp\/v2\/pages\/95\/revisions"}],"predecessor-version":[{"id":259,"href":"https:\/\/eslanz.com\/es\/wp-json\/wp\/v2\/pages\/95\/revisions\/259"}],"up":[{"embeddable":true,"href":"https:\/\/eslanz.com\/es\/wp-json\/wp\/v2\/pages\/6"}],"wp:featuredmedia":[{"embeddable":true,"href":"https:\/\/eslanz.com\/es\/wp-json\/wp\/v2\/media\/130"}],"wp:attachment":[{"href":"https:\/\/eslanz.com\/es\/wp-json\/wp\/v2\/media?parent=95"}],"curies":[{"name":"wp","href":"https:\/\/api.w.org\/{rel}","templated":true}]}}